{"id":12061,"date":"2026-04-14T13:10:14","date_gmt":"2026-04-14T13:10:14","guid":{"rendered":"https:\/\/waifu-supply.com\/shop\/uncategorized\/dreamwaifu-phone-case-stylish-anime-girl-mobile-phone-case-for-samsung\/"},"modified":"2026-04-14T13:11:17","modified_gmt":"2026-04-14T13:11:17","slug":"dreamwaifu-phone-case-stylish-anime-girl-mobile-phone-case-for-samsung","status":"publish","type":"product","link":"https:\/\/waifu-supply.com\/de\/shop\/samsung-premium-cases\/dreamwaifu-phone-case-stylish-anime-girl-mobile-phone-case-for-samsung\/","title":{"rendered":"DreamWaifu Phone Case, Stylish Anime Girl mobile phone case for Samsung"},"content":{"rendered":"<p>Ultimativer Schutz f\u00fcr dein Telefon<br \/>\nDas Hartschalen Case bietet doppelte Sicherheit und ein elegantes, gl\u00e4nzendes Finish. Es ist die perfekte Balance zwischen Schutz und Stil. <\/p>\n<ul>\n<li>Zweilagiges Design f\u00fcr maximale Haltbarkeit<\/li>\n<li>Umlaufender Druck auf R\u00fcckseite und Seiten<\/li>\n<li>Pr\u00e4zise ausgerichtete \u00d6ffnungen<\/li>\n<li>Kompatibel mit kabellosem Laden<\/li>\n<\/ul>","protected":false},"excerpt":{"rendered":"<p>Ultimativer Schutz f\u00fcr dein Telefon Das Hartschalen Case bietet doppelte Sicherheit und ein elegantes, gl\u00e4nzendes Finish. Es ist die perfekte Balance zwischen Schutz und Stil. Zweilagiges Design f\u00fcr maximale Haltbarkeit Umlaufender Druck auf R\u00fcckseite und Seiten Pr\u00e4zise ausgerichtete \u00d6ffnungen Kompatibel mit kabellosem Laden<\/p>","protected":false},"featured_media":12060,"comment_status":"open","ping_status":"closed","template":"","meta":{"_acf_changed":false,"rank_math_title":"","rank_math_description":"","rank_math_canonical_url":"","rank_math_focus_keyword":""},"product_brand":[],"product_cat":[160],"product_tag":[438,442,335,441,440,439],"class_list":{"0":"post-12061","1":"product","2":"type-product","3":"status-publish","4":"has-post-thumbnail","6":"product_cat-samsung-premium-cases","7":"product_tag-anime","8":"product_tag-bikini","9":"product_tag-blonde","10":"product_tag-dreamgirl","11":"product_tag-sexy","12":"product_tag-waifu","14":"first","15":"instock","16":"taxable","17":"shipping-taxable","18":"purchasable","19":"product-type-variable"},"acf":[],"_links":{"self":[{"href":"https:\/\/waifu-supply.com\/de\/wp-json\/wp\/v2\/product\/12061","targetHints":{"allow":["GET"]}}],"collection":[{"href":"https:\/\/waifu-supply.com\/de\/wp-json\/wp\/v2\/product"}],"about":[{"href":"https:\/\/waifu-supply.com\/de\/wp-json\/wp\/v2\/types\/product"}],"replies":[{"embeddable":true,"href":"https:\/\/waifu-supply.com\/de\/wp-json\/wp\/v2\/comments?post=12061"}],"wp:featuredmedia":[{"embeddable":true,"href":"https:\/\/waifu-supply.com\/de\/wp-json\/wp\/v2\/media\/12060"}],"wp:attachment":[{"href":"https:\/\/waifu-supply.com\/de\/wp-json\/wp\/v2\/media?parent=12061"}],"wp:term":[{"taxonomy":"product_brand","embeddable":true,"href":"https:\/\/waifu-supply.com\/de\/wp-json\/wp\/v2\/product_brand?post=12061"},{"taxonomy":"product_cat","embeddable":true,"href":"https:\/\/waifu-supply.com\/de\/wp-json\/wp\/v2\/product_cat?post=12061"},{"taxonomy":"product_tag","embeddable":true,"href":"https:\/\/waifu-supply.com\/de\/wp-json\/wp\/v2\/product_tag?post=12061"}],"curies":[{"name":"wp","href":"https:\/\/api.w.org\/{rel}","templated":true}]}}